{"id":4502,"date":"2020-05-25T17:28:26","date_gmt":"2020-05-25T17:28:26","guid":{"rendered":"https:\/\/test.plazapointeclaire.com\/contact-us\/"},"modified":"2020-06-26T17:34:00","modified_gmt":"2020-06-26T17:34:00","slug":"contactez-nous","status":"publish","type":"page","link":"https:\/\/plazapointeclaire.com\/fr\/contactez-nous\/","title":{"rendered":"Contactez-nous"},"content":{"rendered":"[vc_row row_content_width=\u00a0\u00bbgrid\u00a0\u00bb content_text_aligment=\u00a0\u00bbleft\u00a0\u00bb css=\u00a0\u00bb.vc_custom_1534321312697{padding-top: 67px !important;padding-bottom: 81px !important;}\u00a0\u00bb][vc_column]<div class=\"edgtf-elements-holder   edgtf-two-columns  edgtf-responsive-mode-1024 edgtf-one-column-alignment-left\" ><div class=\"edgtf-eh-item  edgtf-vertical-alignment-top  \"  data-item-class=\"edgtf-eh-custom-3332\" data-1367-1600=\"0 80px 0 0\" data-1025-1366=\"0 80px 0 0\" data-769-1024=\"0 0 0 0\" data-681-768=\"0 0 0 0\" data-680=\"0 0 0 0\">\n\t<div class=\"edgtf-eh-item-inner\">\n\t\t<div class=\"edgtf-eh-item-content edgtf-eh-custom-3332\" style=\"padding: 0 80px 0 0\">\n\t\t\t[vc_empty_space height=\u00a0\u00bb\u00a0\u00bb el_id=\u00a0\u00bbinfo\u00a0\u00bb css=\u00a0\u00bb.vc_custom_1592933917471{margin-top: -100px !important;padding-top: 100px !important;}\u00a0\u00bb][vc_column_text]\n<h4>Informations pour les visiteurs<\/h4>\n[\/vc_column_text][vc_empty_space height=\u00a0\u00bb6px\u00a0\u00bb][vc_column_text]\n<div id=\"bannerR\">\n<p style=\"font-weight: 400;\">La Plaza Pointe-Claire a tant \u00e0 offrir&#8230;<\/p>\n<ul>\n<li style=\"font-weight: 400;\">Proche des trains et des autobus<\/li>\n<li style=\"font-weight: 400;\">Beaucoup de places de stationnement<\/li>\n<li style=\"font-weight: 400;\">Wifi<\/li>\n<li style=\"font-weight: 400;\">Accessible aux fauteuils roulants<\/li>\n<li style=\"font-weight: 400;\">Air climatis\u00e9<\/li>\n<li style=\"font-weight: 400;\">Banques et services financiers<\/li>\n<li style=\"font-weight: 400;\">Services m\u00e9dicaux, tels qu\u2019optom\u00e9tristes, opticiens, dentistes, etc.<\/li>\n<li style=\"font-weight: 400;\">\u00c9v\u00e9nements de collecte de fonds tout au long de l&rsquo;ann\u00e9e<\/li>\n<\/ul>\n<\/div>\n[\/vc_column_text][vc_empty_space height=\u00a0\u00bb\u00a0\u00bb css=\u00a0\u00bb.vc_custom_1592934017466{margin-top: -100px !important;padding-top: 100px !important;}\u00a0\u00bb el_id=\u00a0\u00bbchiens\u00a0\u00bb][vc_column_text]\n<h4>Adapt\u00e9 aux chiens<\/h4>\n[\/vc_column_text][vc_empty_space height=\u00a0\u00bb6px\u00a0\u00bb][vc_column_text]\n<div id=\"bannerR\">\n<p style=\"font-weight: 400;\">Les chiens bien \u00e9lev\u00e9s sont les bienvenus \u00e0 la Plaza Pointe-Claire, \u00e0 condition qu&rsquo;ils soient tenus en laisse. Si votre chien a un petit accident, nous vous demandons de bien vouloir \u00eatre responsable du nettoyage.<\/p>\n<\/div>\n[\/vc_column_text][vc_column_text]\n<h4>Tel: (514) 694-5917<br \/>\nFax: (514) 695-2994<\/h4>\n[\/vc_column_text][vc_empty_space height=\u00a0\u00bb6px\u00a0\u00bb][vc_column_text]Veuillez noter que ces coordonn\u00e9es sont destin\u00e9es \u00e0 l&rsquo;administration de la Plaza Pointe-Claire, et non \u00e0 des boutiques ou bureaux individuels. Si vous recherchez le num\u00e9ro de t\u00e9l\u00e9phone d&rsquo;un magasin ou d&rsquo;un bureau, veuillez consulter notre annuaire.[\/vc_column_text][vc_column_text]\n<h4>269 Boulevard St-Jean, Suite 207a<br \/>\nPointe-Claire, Quebec<br \/>\nH9R 3J1<\/h4>\n[\/vc_column_text][vc_empty_space height=\u00a0\u00bb6px\u00a0\u00bb][vc_empty_space height=\u00a0\u00bb60px\u00a0\u00bb el_id=\u00a0\u00bbmall-hours\u00a0\u00bb][vc_empty_space height=\u00a0\u00bb\u00a0\u00bb css=\u00a0\u00bb.vc_custom_1592934031864{margin-top: -100px !important;padding-top: 100px !important;}\u00a0\u00bb el_id=\u00a0\u00bbhoraires\u00a0\u00bb][vc_column_text]\n<h4>Nos horaires<\/h4>\n[\/vc_column_text][vc_empty_space height=\u00a0\u00bb20px\u00a0\u00bb][vc_column_text]\n<table class=\"mabel-bhi-businesshours\">\n<tbody>\n<tr class=\"mbhi-is-current\">\n<td>lundi &#8211; vendredi<\/td>\n<td>7h00 \u2014 21h00<\/td>\n<\/tr>\n<tr>\n<td>samedi<\/td>\n<td>7h00 \u2014 18h00<\/td>\n<\/tr>\n<tr>\n<td>dimanche<\/td>\n<td>8h00 \u2014 18h00<\/td>\n<\/tr>\n<\/tbody>\n<\/table>\n[\/vc_column_text]<div class=\"edgtf-google-map-holder\">\n\t\t<div class=\"edgtf-google-map\" id=\"edgtf-map-1306403\" data-addresses='[\"269 Boulevard St-Jean, Suite 207a Pointe-Claire, Quebec H9R 3J1\"]' data-custom-map-style=no data-color-overlay=#393939 data-saturation=-100 data-lightness=-60 data-zoom=15 data-pin=https:\/\/plazapointeclaire.com\/wp-content\/uploads\/2019\/12\/map-marker-icon.png data-unique-id=1306403 data-scroll-wheel=no data-height=290px data-snazzy-map-style=yes><\/div>\n\t\t\t<input type=\"hidden\" class=\"edgtf-snazzy-map\" value=\"`{`\n{\n``featureType``: ``landscape``,\n``stylers``: `{`\n{\n``hue``: ``#FFBB00``\n},\n{\n``saturation``: 43.400000000000006\n},\n{\n``lightness``: 37.599999999999994\n},\n{\n``gamma``: 1\n}\n`}`\n},\n{\n``featureType``: ``road.highway``,\n``stylers``: `{`\n{\n``hue``: ``#FFC200``\n},\n{\n``saturation``: -61.8\n},\n{\n``lightness``: 45.599999999999994\n},\n{\n``gamma``: 1\n}\n`}`\n},\n{\n``featureType``: ``road.arterial``,\n``stylers``: `{`\n{\n``hue``: ``#FF0300``\n},\n{\n``saturation``: -100\n},\n{\n``lightness``: 51.19999999999999\n},\n{\n``gamma``: 1\n}\n`}`\n},\n{\n``featureType``: ``road.local``,\n``stylers``: `{`\n{\n``hue``: ``#FF0300``\n},\n{\n``saturation``: -100\n},\n{\n``lightness``: 52\n},\n{\n``gamma``: 1\n}\n`}`\n},\n{\n``featureType``: ``water``,\n``stylers``: `{`\n{\n``hue``: ``#0078FF``\n},\n{\n``saturation``: -13.200000000000003\n},\n{\n``lightness``: 2.4000000000000057\n},\n{\n``gamma``: 1\n}\n`}`\n},\n{\n``featureType``: ``poi``,\n``stylers``: `{`\n{\n``hue``: ``#00FF6A``\n},\n{\n``saturation``: -1.0989010989011234\n},\n{\n``lightness``: 11.200000000000017\n},\n{\n``gamma``: 1\n}\n`}`\n}\n`}`\"\/>\n\t\t\t\t<div class=\"edgtf-google-map-overlay\"><\/div>\n\t<\/div>\n[vc_empty_space height=\u00a0\u00bb19px\u00a0\u00bb]\t\t<\/div>\n\t<\/div>\n<\/div><div class=\"edgtf-eh-item  edgtf-vertical-alignment-top  \"  data-item-class=\"edgtf-eh-custom-4886\" data-1367-1600=\"0 0 0 0\" data-1025-1366=\"0 0 0 0\" data-769-1024=\"0 0 19px 0\" data-681-768=\"0 0 19px 0\" data-680=\"0 0 19px 0\">\n\t<div class=\"edgtf-eh-item-inner\">\n\t\t<div class=\"edgtf-eh-item-content edgtf-eh-custom-4886\" style=\"padding: 0 0 0 0\">\n\t\t\t[vc_column_text]\n<h4>l\u2019Administration de la Plaza Pointe-Claire<\/h4>\n[\/vc_column_text][vc_empty_space height=\u00a0\u00bb6px\u00a0\u00bb][vc_column_text]Pour toutes questions, commentaires, suggestions ou de l\u2019information sur les locations, n\u2019h\u00e9sitez pas \u00e0 communiquer avec nous:[\/vc_column_text][vc_empty_space height=\u00a0\u00bb55px\u00a0\u00bb]\n<div class=\"wpcf7 no-js\" id=\"wpcf7-f4690-o1\" lang=\"fr-FR\" dir=\"ltr\">\n<div class=\"screen-reader-response\"><p role=\"status\" aria-live=\"polite\" aria-atomic=\"true\"><\/p> <ul><\/ul><\/div>\n<form action=\"\/fr\/wp-json\/wp\/v2\/pages\/4502#wpcf7-f4690-o1\" method=\"post\" class=\"wpcf7-form init cf7_custom_style_1\" aria-label=\"Formulaire de contact\" novalidate=\"novalidate\" data-status=\"init\">\n<div style=\"display: none;\">\n<input type=\"hidden\" name=\"_wpcf7\" value=\"4690\" \/>\n<input type=\"hidden\" name=\"_wpcf7_version\" value=\"5.7.7\" \/>\n<input type=\"hidden\" name=\"_wpcf7_locale\" value=\"fr_FR\" \/>\n<input type=\"hidden\" name=\"_wpcf7_unit_tag\" value=\"wpcf7-f4690-o1\" \/>\n<input type=\"hidden\" name=\"_wpcf7_container_post\" value=\"0\" \/>\n<input type=\"hidden\" name=\"_wpcf7_posted_data_hash\" value=\"\" \/>\n<\/div>\n<p><label> Votre nom (requis)<br \/>\n<span class=\"wpcf7-form-control-wrap\" data-name=\"your-name\"><input size=\"40\" class=\"wpcf7-form-control wpcf7-text wpcf7-validates-as-required\" aria-required=\"true\" aria-invalid=\"false\" value=\"\" type=\"text\" name=\"your-name\" \/><\/span> <\/label>\n<\/p>\n<p><label> Votre courriel (requis)<br \/>\n<span class=\"wpcf7-form-control-wrap\" data-name=\"your-email\"><input size=\"40\" class=\"wpcf7-form-control wpcf7-text wpcf7-email wpcf7-validates-as-required wpcf7-validates-as-email\" aria-required=\"true\" aria-invalid=\"false\" value=\"\" type=\"email\" name=\"your-email\" \/><\/span> <\/label>\n<\/p>\n<p><label> Sujet<br \/>\n<span class=\"wpcf7-form-control-wrap\" data-name=\"your-subject\"><input size=\"40\" class=\"wpcf7-form-control wpcf7-text\" aria-invalid=\"false\" value=\"\" type=\"text\" name=\"your-subject\" \/><\/span> <\/label>\n<\/p>\n<p><label> Votre message<br \/>\n<span class=\"wpcf7-form-control-wrap\" data-name=\"your-message\"><textarea cols=\"40\" rows=\"10\" class=\"wpcf7-form-control wpcf7-textarea\" aria-invalid=\"false\" name=\"your-message\"><\/textarea><\/span> <\/label>\n<\/p>\n<p><input class=\"wpcf7-form-control has-spinner wpcf7-submit\" type=\"submit\" value=\"Envoyez\" \/>\n<\/p><div class=\"wpcf7-response-output\" aria-hidden=\"true\"><\/div>\n<\/form>\n<\/div>\n\t\t<\/div>\n\t<\/div>\n<\/div><\/div>[\/vc_column][\/vc_row]\n","protected":false},"excerpt":{"rendered":"<p>[vc_row row_content_width=\u00a0\u00bbgrid\u00a0\u00bb content_text_aligment=\u00a0\u00bbleft\u00a0\u00bb css=\u00a0\u00bb.vc_custom_1534321312697{padding-top: 67px !important;padding-bottom: 81px !important;}\u00a0\u00bb][vc_column][\/vc_column][\/vc_row]<\/p>\n","protected":false},"author":5,"featured_media":0,"parent":0,"menu_order":0,"comment_status":"closed","ping_status":"closed","template":"full-width.php","meta":[],"yoast_head":"<!-- This site is optimized with the Yoast SEO plugin v19.7.2 - https:\/\/yoast.com\/wordpress\/plugins\/seo\/ -->\n<title>Contactez-nous - Plaza Pointe-Claire<\/title>\n<meta name=\"robots\" content=\"index, follow, max-snippet:-1, max-image-preview:large, max-video-preview:-1\" \/>\n<link rel=\"canonical\" href=\"https:\/\/plazapointeclaire.com\/fr\/contactez-nous\/\" \/>\n<meta property=\"og:locale\" content=\"fr_FR\" \/>\n<meta property=\"og:type\" content=\"article\" \/>\n<meta property=\"og:title\" content=\"Contactez-nous - Plaza Pointe-Claire\" \/>\n<meta property=\"og:description\" content=\"[vc_row row_content_width=\u00a0\u00bbgrid\u00a0\u00bb content_text_aligment=\u00a0\u00bbleft\u00a0\u00bb css=\u00a0\u00bb.vc_custom_1534321312697{padding-top: 67px !important;padding-bottom: 81px !important;}\u00a0\u00bb][vc_column][\/vc_column][\/vc_row]\" \/>\n<meta property=\"og:url\" content=\"https:\/\/plazapointeclaire.com\/fr\/contactez-nous\/\" \/>\n<meta property=\"og:site_name\" content=\"Plaza Pointe-Claire\" \/>\n<meta property=\"article:modified_time\" content=\"2020-06-26T17:34:00+00:00\" \/>\n<meta name=\"twitter:card\" content=\"summary_large_image\" \/>\n<meta name=\"twitter:label1\" content=\"Dur\u00e9e de lecture estim\u00e9e\" \/>\n\t<meta name=\"twitter:data1\" content=\"3 minutes\" \/>\n<script type=\"application\/ld+json\" class=\"yoast-schema-graph\">{\"@context\":\"https:\/\/schema.org\",\"@graph\":[{\"@type\":\"WebPage\",\"@id\":\"https:\/\/plazapointeclaire.com\/fr\/contactez-nous\/\",\"url\":\"https:\/\/plazapointeclaire.com\/fr\/contactez-nous\/\",\"name\":\"Contactez-nous - Plaza Pointe-Claire\",\"isPartOf\":{\"@id\":\"https:\/\/plazapointeclaire.com\/fr\/#website\"},\"datePublished\":\"2020-05-25T17:28:26+00:00\",\"dateModified\":\"2020-06-26T17:34:00+00:00\",\"breadcrumb\":{\"@id\":\"https:\/\/plazapointeclaire.com\/fr\/contactez-nous\/#breadcrumb\"},\"inLanguage\":\"fr-FR\",\"potentialAction\":[{\"@type\":\"ReadAction\",\"target\":[\"https:\/\/plazapointeclaire.com\/fr\/contactez-nous\/\"]}]},{\"@type\":\"BreadcrumbList\",\"@id\":\"https:\/\/plazapointeclaire.com\/fr\/contactez-nous\/#breadcrumb\",\"itemListElement\":[{\"@type\":\"ListItem\",\"position\":1,\"name\":\"Home\",\"item\":\"https:\/\/plazapointeclaire.com\/fr\/accueil\/\"},{\"@type\":\"ListItem\",\"position\":2,\"name\":\"Contactez-nous\"}]},{\"@type\":\"WebSite\",\"@id\":\"https:\/\/plazapointeclaire.com\/fr\/#website\",\"url\":\"https:\/\/plazapointeclaire.com\/fr\/\",\"name\":\"Plaza Pointe-Claire\",\"description\":\"\",\"potentialAction\":[{\"@type\":\"SearchAction\",\"target\":{\"@type\":\"EntryPoint\",\"urlTemplate\":\"https:\/\/plazapointeclaire.com\/fr\/?s={search_term_string}\"},\"query-input\":\"required name=search_term_string\"}],\"inLanguage\":\"fr-FR\"}]}<\/script>\n<!-- \/ Yoast SEO plugin. -->","yoast_head_json":{"title":"Contactez-nous - Plaza Pointe-Claire","robots":{"index":"index","follow":"follow","max-snippet":"max-snippet:-1","max-image-preview":"max-image-preview:large","max-video-preview":"max-video-preview:-1"},"canonical":"https:\/\/plazapointeclaire.com\/fr\/contactez-nous\/","og_locale":"fr_FR","og_type":"article","og_title":"Contactez-nous - Plaza Pointe-Claire","og_description":"[vc_row row_content_width=\u00a0\u00bbgrid\u00a0\u00bb content_text_aligment=\u00a0\u00bbleft\u00a0\u00bb css=\u00a0\u00bb.vc_custom_1534321312697{padding-top: 67px !important;padding-bottom: 81px !important;}\u00a0\u00bb][vc_column][\/vc_column][\/vc_row]","og_url":"https:\/\/plazapointeclaire.com\/fr\/contactez-nous\/","og_site_name":"Plaza Pointe-Claire","article_modified_time":"2020-06-26T17:34:00+00:00","twitter_card":"summary_large_image","twitter_misc":{"Dur\u00e9e de lecture estim\u00e9e":"3 minutes"},"schema":{"@context":"https:\/\/schema.org","@graph":[{"@type":"WebPage","@id":"https:\/\/plazapointeclaire.com\/fr\/contactez-nous\/","url":"https:\/\/plazapointeclaire.com\/fr\/contactez-nous\/","name":"Contactez-nous - Plaza Pointe-Claire","isPartOf":{"@id":"https:\/\/plazapointeclaire.com\/fr\/#website"},"datePublished":"2020-05-25T17:28:26+00:00","dateModified":"2020-06-26T17:34:00+00:00","breadcrumb":{"@id":"https:\/\/plazapointeclaire.com\/fr\/contactez-nous\/#breadcrumb"},"inLanguage":"fr-FR","potentialAction":[{"@type":"ReadAction","target":["https:\/\/plazapointeclaire.com\/fr\/contactez-nous\/"]}]},{"@type":"BreadcrumbList","@id":"https:\/\/plazapointeclaire.com\/fr\/contactez-nous\/#breadcrumb","itemListElement":[{"@type":"ListItem","position":1,"name":"Home","item":"https:\/\/plazapointeclaire.com\/fr\/accueil\/"},{"@type":"ListItem","position":2,"name":"Contactez-nous"}]},{"@type":"WebSite","@id":"https:\/\/plazapointeclaire.com\/fr\/#website","url":"https:\/\/plazapointeclaire.com\/fr\/","name":"Plaza Pointe-Claire","description":"","potentialAction":[{"@type":"SearchAction","target":{"@type":"EntryPoint","urlTemplate":"https:\/\/plazapointeclaire.com\/fr\/?s={search_term_string}"},"query-input":"required name=search_term_string"}],"inLanguage":"fr-FR"}]}},"_links":{"self":[{"href":"https:\/\/plazapointeclaire.com\/fr\/wp-json\/wp\/v2\/pages\/4502"}],"collection":[{"href":"https:\/\/plazapointeclaire.com\/fr\/wp-json\/wp\/v2\/pages"}],"about":[{"href":"https:\/\/plazapointeclaire.com\/fr\/wp-json\/wp\/v2\/types\/page"}],"author":[{"embeddable":true,"href":"https:\/\/plazapointeclaire.com\/fr\/wp-json\/wp\/v2\/users\/5"}],"replies":[{"embeddable":true,"href":"https:\/\/plazapointeclaire.com\/fr\/wp-json\/wp\/v2\/comments?post=4502"}],"version-history":[{"count":18,"href":"https:\/\/plazapointeclaire.com\/fr\/wp-json\/wp\/v2\/pages\/4502\/revisions"}],"predecessor-version":[{"id":4751,"href":"https:\/\/plazapointeclaire.com\/fr\/wp-json\/wp\/v2\/pages\/4502\/revisions\/4751"}],"wp:attachment":[{"href":"https:\/\/plazapointeclaire.com\/fr\/wp-json\/wp\/v2\/media?parent=4502"}],"curies":[{"name":"wp","href":"https:\/\/api.w.org\/{rel}","templated":true}]}}